{"id":1189,"date":"2023-02-14T15:41:49","date_gmt":"2023-02-14T20:41:49","guid":{"rendered":"https:\/\/franchir.ca\/?page_id=1189"},"modified":"2023-10-16T10:43:48","modified_gmt":"2023-10-16T14:43:48","slug":"politique-de-confidentialite","status":"publish","type":"page","link":"https:\/\/franchir.ca\/en\/politique-de-confidentialite\/","title":{"rendered":"Privacy Policy"},"content":{"rendered":"\n<p>Notre site conserve certaines informations personnelles \u00e0 des fins de fonctionnement de base, de correspondance et de statistiques.<\/p>\n\n\n\n<h2 class=\"wp-block-heading\">Qui sommes-nous&nbsp;?<\/h2>\n\n\n\n<p>L\u2019adresse de notre site est&nbsp;: <a href=\"https:\/\/franchir.ca\">https:\/\/franchir.ca<\/a>.<\/p>\n\n\n\n<h2 class=\"wp-block-heading\">Fonctionnement de base<\/h2>\n\n\n\n<p>Notre site utilise un cookie temporaire afin de retenir le choix de langue d\u2019une page \u00e0 l\u2019autre. Ce cookie n\u2019est pas persistant et dispara\u00eet apr\u00e8s la visite.<\/p>\n\n\n\n<p><strong>Donn\u00e9es temporaires<\/strong><\/p>\n\n\n\n<ul class=\"wp-block-list\">\n<li>Cookie non-persistant de changement de langue<\/li>\n<\/ul>\n\n\n\n<h2 class=\"wp-block-heading\">Correspondance<\/h2>\n\n\n\n<p>Notre site conserve les messages re\u00e7us \u00e0 travers le formulaire de contact, ainsi que les m\u00e9tadonn\u00e9es s\u2019y attachant. Notre site conserve aussi les adresses courriel des visiteurs ayant opt\u00e9 de s\u2019abonner \u00e0 notre infolettre. Ces informations sont conserv\u00e9es dans nos dossiers pour une dur\u00e9e ind\u00e9termin\u00e9e.<\/p>\n\n\n\n<p><strong>Donn\u00e9es conserv\u00e9es<\/strong><\/p>\n\n\n\n<ul class=\"wp-block-list\">\n<li>Formulaire de contact &#8211; Nom, pr\u00e9nom, pronom(s), num\u00e9ro de t\u00e9l\u00e9phone, courriel, m\u00e9tadonn\u00e9es<\/li>\n\n\n\n<li>Infolettre &#8211; Adresse courriel<\/li>\n<\/ul>\n\n\n\n<h2 class=\"wp-block-heading\">Statistiques<\/h2>\n\n\n\n<p>Notre site utilise les services externes de suivi des visites \u00e0 des fins statistiques. Ces sites utilisent des cookies pour g\u00e9n\u00e9rer des rapports statistiques sur le comportement des visiteurs et le contenu consult\u00e9. Les informations provenant de ces sites ne sont pas partag\u00e9es \u00e0 des tiers.<\/p>\n\n\n\n<p><strong>Donn\u00e9es compil\u00e9es par un service externe<\/strong><\/p>\n\n\n\n<ul class=\"wp-block-list\">\n<li>Analytics &#8211; Google Tag Manager<\/li>\n\n\n\n<li>Analytics &#8211; Jetpack<\/li>\n<\/ul>\n\n\n\n<h2 class=\"wp-block-heading\">Conservation et destruction des renseignements personnels<\/h2>\n\n\n\n<p>Franchir ne conserve les renseignements personnels que pour la dur\u00e9e n\u00e9cessaire \u00e0 la r\u00e9alisation des fins pour lesquelles ils ont \u00e9t\u00e9 collect\u00e9s. La destruction de ces renseignements est faite de fa\u00e7on s\u00e9curitaire, afin d\u2019en assurer la protection et la confidentialit\u00e9.<\/p>\n\n\n\n<h2 class=\"wp-block-heading\">S\u00e9curit\u00e9 des donn\u00e9es<\/h2>\n\n\n\n<p>Franchir met en place des mesures de s\u00e9curit\u00e9 raisonnables pour assurer la protection des renseignements personnels accumul\u00e9s.<\/p>\n\n\n\n<h2 class=\"wp-block-heading\">Responsable de la protection des renseignements personnels<\/h2>\n\n\n\n<p><strong>Mireille Azema<br><\/strong>Cofondatrice et directrice g\u00e9n\u00e9rale<br>mireille.azema@franchir.ca<br>514-317-2823<br>Franchir<br>5972, 2e avenue<br>Montr\u00e9al (Qu\u00e9bec)<\/p>\n","protected":false},"excerpt":{"rendered":"<p>Notre site conserve certaines informations personnelles \u00e0 des fins de fonctionnement de base, de correspondance et de statistiques. Qui sommes-nous&nbsp;? L\u2019adresse de notre site est&nbsp;: https:\/\/franchir.ca. Fonctionnement de base Notre site utilise un cookie temporaire afin de retenir le choix de langue d\u2019une page \u00e0 l\u2019autre. Ce cookie n\u2019est pas persistant et dispara\u00eet apr\u00e8s la<a class=\"excerpt-read-more\" href=\"https:\/\/franchir.ca\/en\/politique-de-confidentialite\/\" title=\"ReadPrivacy Policy\">&#8230; Read more &raquo;<\/a><\/p>\n","protected":false},"author":1,"featured_media":0,"parent":0,"menu_order":11,"comment_status":"closed","ping_status":"closed","template":"","meta":{"_acf_changed":false,"inline_featured_image":false,"footnotes":""},"class_list":["post-1189","page","type-page","status-publish","hentry"],"acf":[],"yoast_head":"<!-- This site is optimized with the Yoast SEO plugin v25.8 - https:\/\/yoast.com\/wordpress\/plugins\/seo\/ -->\n<title>Privacy Policy -<\/title>\n<meta name=\"description\" content=\"FRANCHIR est une agence de communication marketing reconnue pour son expertise en strat\u00e9gie, en relations publiques, en \u00e9v\u00e9nementiel et en m\u00e9dias sociaux.\" \/>\n<meta name=\"robots\" content=\"index, follow, max-snippet:-1, max-image-preview:large, max-video-preview:-1\" \/>\n<link rel=\"canonical\" href=\"https:\/\/franchir.ca\/en\/politique-de-confidentialite\/\" \/>\n<meta property=\"og:locale\" content=\"en_US\" \/>\n<meta property=\"og:type\" content=\"article\" \/>\n<meta property=\"og:title\" content=\"Privacy Policy -\" \/>\n<meta property=\"og:description\" content=\"FRANCHIR est une agence de communication marketing reconnue pour son expertise en strat\u00e9gie, en relations publiques, en \u00e9v\u00e9nementiel et en m\u00e9dias sociaux.\" \/>\n<meta property=\"og:url\" content=\"https:\/\/franchir.ca\/en\/politique-de-confidentialite\/\" \/>\n<meta property=\"article:publisher\" content=\"https:\/\/www.facebook.com\/AgenceFranchir\" \/>\n<meta property=\"article:modified_time\" content=\"2023-10-16T14:43:48+00:00\" \/>\n<meta property=\"og:image\" content=\"https:\/\/franchir.ca\/wp-content\/uploads\/2023\/03\/siteimage-1.png\" \/>\n\t<meta property=\"og:image:width\" content=\"1200\" \/>\n\t<meta property=\"og:image:height\" content=\"675\" \/>\n\t<meta property=\"og:image:type\" content=\"image\/png\" \/>\n<meta name=\"twitter:card\" content=\"summary_large_image\" \/>\n<meta name=\"twitter:site\" content=\"@AgenceFranchir\" \/>\n<meta name=\"twitter:label1\" content=\"Est. reading time\" \/>\n\t<meta name=\"twitter:data1\" content=\"2 minutes\" \/>\n<script type=\"application\/ld+json\" class=\"yoast-schema-graph\">{\"@context\":\"https:\/\/schema.org\",\"@graph\":[{\"@type\":\"WebPage\",\"@id\":\"https:\/\/franchir.ca\/en\/politique-de-confidentialite\/\",\"url\":\"https:\/\/franchir.ca\/en\/politique-de-confidentialite\/\",\"name\":\"Privacy Policy -\",\"isPartOf\":{\"@id\":\"https:\/\/franchir.ca\/en\/#website\"},\"datePublished\":\"2023-02-14T20:41:49+00:00\",\"dateModified\":\"2023-10-16T14:43:48+00:00\",\"description\":\"FRANCHIR est une agence de communication marketing reconnue pour son expertise en strat\u00e9gie, en relations publiques, en \u00e9v\u00e9nementiel et en m\u00e9dias sociaux.\",\"breadcrumb\":{\"@id\":\"https:\/\/franchir.ca\/en\/politique-de-confidentialite\/#breadcrumb\"},\"inLanguage\":\"en-US\",\"potentialAction\":[{\"@type\":\"ReadAction\",\"target\":[\"https:\/\/franchir.ca\/en\/politique-de-confidentialite\/\"]}]},{\"@type\":\"BreadcrumbList\",\"@id\":\"https:\/\/franchir.ca\/en\/politique-de-confidentialite\/#breadcrumb\",\"itemListElement\":[{\"@type\":\"ListItem\",\"position\":1,\"name\":\"Home\",\"item\":\"https:\/\/franchir.ca\/en\/\"},{\"@type\":\"ListItem\",\"position\":2,\"name\":\"Privacy Policy\"}]},{\"@type\":\"WebSite\",\"@id\":\"https:\/\/franchir.ca\/en\/#website\",\"url\":\"https:\/\/franchir.ca\/en\/\",\"name\":\"FRANCHIR, agence de communication marketing au Canada\",\"description\":\"agence de communication marketing au Canada\",\"publisher\":{\"@id\":\"https:\/\/franchir.ca\/en\/#organization\"},\"potentialAction\":[{\"@type\":\"SearchAction\",\"target\":{\"@type\":\"EntryPoint\",\"urlTemplate\":\"https:\/\/franchir.ca\/en\/?s={search_term_string}\"},\"query-input\":{\"@type\":\"PropertyValueSpecification\",\"valueRequired\":true,\"valueName\":\"search_term_string\"}}],\"inLanguage\":\"en-US\"},{\"@type\":\"Organization\",\"@id\":\"https:\/\/franchir.ca\/en\/#organization\",\"name\":\"FRANCHIR, agence de communication marketing au Canada\",\"url\":\"https:\/\/franchir.ca\/en\/\",\"logo\":{\"@type\":\"ImageObject\",\"inLanguage\":\"en-US\",\"@id\":\"https:\/\/franchir.ca\/en\/#\/schema\/logo\/image\/\",\"url\":\"https:\/\/franchir.ca\/wp-content\/uploads\/2023\/03\/cropped-sitelogo.png\",\"contentUrl\":\"https:\/\/franchir.ca\/wp-content\/uploads\/2023\/03\/cropped-sitelogo.png\",\"width\":1440,\"height\":360,\"caption\":\"FRANCHIR, agence de communication marketing au Canada\"},\"image\":{\"@id\":\"https:\/\/franchir.ca\/en\/#\/schema\/logo\/image\/\"},\"sameAs\":[\"https:\/\/www.facebook.com\/AgenceFranchir\",\"https:\/\/x.com\/AgenceFranchir\",\"https:\/\/www.linkedin.com\/company\/agencefranchir\/\",\"https:\/\/www.instagram.com\/agence_franchir\/\"]}]}<\/script>\n<!-- \/ Yoast SEO plugin. -->","yoast_head_json":{"title":"Privacy Policy -","description":"FRANCHIR est une agence de communication marketing reconnue pour son expertise en strat\u00e9gie, en relations publiques, en \u00e9v\u00e9nementiel et en m\u00e9dias sociaux.","robots":{"index":"index","follow":"follow","max-snippet":"max-snippet:-1","max-image-preview":"max-image-preview:large","max-video-preview":"max-video-preview:-1"},"canonical":"https:\/\/franchir.ca\/en\/politique-de-confidentialite\/","og_locale":"en_US","og_type":"article","og_title":"Privacy Policy -","og_description":"FRANCHIR est une agence de communication marketing reconnue pour son expertise en strat\u00e9gie, en relations publiques, en \u00e9v\u00e9nementiel et en m\u00e9dias sociaux.","og_url":"https:\/\/franchir.ca\/en\/politique-de-confidentialite\/","article_publisher":"https:\/\/www.facebook.com\/AgenceFranchir","article_modified_time":"2023-10-16T14:43:48+00:00","og_image":[{"width":1200,"height":675,"url":"https:\/\/franchir.ca\/wp-content\/uploads\/2023\/03\/siteimage-1.png","type":"image\/png"}],"twitter_card":"summary_large_image","twitter_site":"@AgenceFranchir","twitter_misc":{"Est. reading time":"2 minutes"},"schema":{"@context":"https:\/\/schema.org","@graph":[{"@type":"WebPage","@id":"https:\/\/franchir.ca\/en\/politique-de-confidentialite\/","url":"https:\/\/franchir.ca\/en\/politique-de-confidentialite\/","name":"Privacy Policy -","isPartOf":{"@id":"https:\/\/franchir.ca\/en\/#website"},"datePublished":"2023-02-14T20:41:49+00:00","dateModified":"2023-10-16T14:43:48+00:00","description":"FRANCHIR est une agence de communication marketing reconnue pour son expertise en strat\u00e9gie, en relations publiques, en \u00e9v\u00e9nementiel et en m\u00e9dias sociaux.","breadcrumb":{"@id":"https:\/\/franchir.ca\/en\/politique-de-confidentialite\/#breadcrumb"},"inLanguage":"en-US","potentialAction":[{"@type":"ReadAction","target":["https:\/\/franchir.ca\/en\/politique-de-confidentialite\/"]}]},{"@type":"BreadcrumbList","@id":"https:\/\/franchir.ca\/en\/politique-de-confidentialite\/#breadcrumb","itemListElement":[{"@type":"ListItem","position":1,"name":"Home","item":"https:\/\/franchir.ca\/en\/"},{"@type":"ListItem","position":2,"name":"Privacy Policy"}]},{"@type":"WebSite","@id":"https:\/\/franchir.ca\/en\/#website","url":"https:\/\/franchir.ca\/en\/","name":"FRANCHIR, agence de communication marketing au Canada","description":"agence de communication marketing au Canada","publisher":{"@id":"https:\/\/franchir.ca\/en\/#organization"},"potentialAction":[{"@type":"SearchAction","target":{"@type":"EntryPoint","urlTemplate":"https:\/\/franchir.ca\/en\/?s={search_term_string}"},"query-input":{"@type":"PropertyValueSpecification","valueRequired":true,"valueName":"search_term_string"}}],"inLanguage":"en-US"},{"@type":"Organization","@id":"https:\/\/franchir.ca\/en\/#organization","name":"FRANCHIR, agence de communication marketing au Canada","url":"https:\/\/franchir.ca\/en\/","logo":{"@type":"ImageObject","inLanguage":"en-US","@id":"https:\/\/franchir.ca\/en\/#\/schema\/logo\/image\/","url":"https:\/\/franchir.ca\/wp-content\/uploads\/2023\/03\/cropped-sitelogo.png","contentUrl":"https:\/\/franchir.ca\/wp-content\/uploads\/2023\/03\/cropped-sitelogo.png","width":1440,"height":360,"caption":"FRANCHIR, agence de communication marketing au Canada"},"image":{"@id":"https:\/\/franchir.ca\/en\/#\/schema\/logo\/image\/"},"sameAs":["https:\/\/www.facebook.com\/AgenceFranchir","https:\/\/x.com\/AgenceFranchir","https:\/\/www.linkedin.com\/company\/agencefranchir\/","https:\/\/www.instagram.com\/agence_franchir\/"]}]}},"jetpack_shortlink":"https:\/\/wp.me\/PeG484-jb","jetpack_sharing_enabled":true,"_links":{"self":[{"href":"https:\/\/franchir.ca\/en\/wp-json\/wp\/v2\/pages\/1189","targetHints":{"allow":["GET"]}}],"collection":[{"href":"https:\/\/franchir.ca\/en\/wp-json\/wp\/v2\/pages"}],"about":[{"href":"https:\/\/franchir.ca\/en\/wp-json\/wp\/v2\/types\/page"}],"author":[{"embeddable":true,"href":"https:\/\/franchir.ca\/en\/wp-json\/wp\/v2\/users\/1"}],"replies":[{"embeddable":true,"href":"https:\/\/franchir.ca\/en\/wp-json\/wp\/v2\/comments?post=1189"}],"version-history":[{"count":4,"href":"https:\/\/franchir.ca\/en\/wp-json\/wp\/v2\/pages\/1189\/revisions"}],"predecessor-version":[{"id":1979,"href":"https:\/\/franchir.ca\/en\/wp-json\/wp\/v2\/pages\/1189\/revisions\/1979"}],"wp:attachment":[{"href":"https:\/\/franchir.ca\/en\/wp-json\/wp\/v2\/media?parent=1189"}],"curies":[{"name":"wp","href":"https:\/\/api.w.org\/{rel}","templated":true}]}}