{"id":828,"date":"2023-02-14T15:45:03","date_gmt":"2023-02-14T20:45:03","guid":{"rendered":"https:\/\/franchir.ca\/?page_id=828"},"modified":"2025-02-18T12:01:23","modified_gmt":"2025-02-18T17:01:23","slug":"expertises","status":"publish","type":"page","link":"https:\/\/franchir.ca\/en\/expertises\/","title":{"rendered":"Expertise"},"content":{"rendered":"\n<p>In order to connect your target audience to your brand, we believe you must tap into their interests, engage with the communities they belong to and the values they hold dear. People may forget what you tell them, but they will never forget what you made them experience.<\/p>\n","protected":false},"excerpt":{"rendered":"<p>In order to connect your target audience to your brand, we believe you must tap into their interests, engage with the communities they belong to and the values they hold dear. People may forget what you tell them, but they will never forget what you made them experience.<\/p>\n","protected":false},"author":1,"featured_media":0,"parent":0,"menu_order":1,"comment_status":"closed","ping_status":"closed","template":"","meta":{"_acf_changed":false,"inline_featured_image":false,"footnotes":""},"class_list":["post-828","page","type-page","status-publish","hentry"],"acf":[],"yoast_head":"<!-- This site is optimized with the Yoast SEO plugin v25.8 - https:\/\/yoast.com\/wordpress\/plugins\/seo\/ -->\n<title>Expertise -<\/title>\n<meta name=\"description\" content=\"FRANCHIR est une agence de communication marketing reconnue pour son expertise en strat\u00e9gie, en relations publiques, en \u00e9v\u00e9nementiel et en m\u00e9dias sociaux.\" \/>\n<meta name=\"robots\" content=\"index, follow, max-snippet:-1, max-image-preview:large, max-video-preview:-1\" \/>\n<link rel=\"canonical\" href=\"https:\/\/franchir.ca\/en\/expertises\/\" \/>\n<meta property=\"og:locale\" content=\"en_US\" \/>\n<meta property=\"og:type\" content=\"article\" \/>\n<meta property=\"og:title\" content=\"Expertise -\" \/>\n<meta property=\"og:description\" content=\"FRANCHIR est une agence de communication marketing reconnue pour son expertise en strat\u00e9gie, en relations publiques, en \u00e9v\u00e9nementiel et en m\u00e9dias sociaux.\" \/>\n<meta property=\"og:url\" content=\"https:\/\/franchir.ca\/en\/expertises\/\" \/>\n<meta property=\"article:publisher\" content=\"https:\/\/www.facebook.com\/AgenceFranchir\" \/>\n<meta property=\"article:modified_time\" content=\"2025-02-18T17:01:23+00:00\" \/>\n<meta property=\"og:image\" content=\"https:\/\/franchir.ca\/wp-content\/uploads\/2023\/03\/siteimage-1.png\" \/>\n\t<meta property=\"og:image:width\" content=\"1200\" \/>\n\t<meta property=\"og:image:height\" content=\"675\" \/>\n\t<meta property=\"og:image:type\" content=\"image\/png\" \/>\n<meta name=\"twitter:card\" content=\"summary_large_image\" \/>\n<meta name=\"twitter:site\" content=\"@AgenceFranchir\" \/>\n<meta name=\"twitter:label1\" content=\"Est. reading time\" \/>\n\t<meta name=\"twitter:data1\" content=\"1 minute\" \/>\n<script type=\"application\/ld+json\" class=\"yoast-schema-graph\">{\"@context\":\"https:\/\/schema.org\",\"@graph\":[{\"@type\":\"WebPage\",\"@id\":\"https:\/\/franchir.ca\/en\/expertises\/\",\"url\":\"https:\/\/franchir.ca\/en\/expertises\/\",\"name\":\"Expertise -\",\"isPartOf\":{\"@id\":\"https:\/\/franchir.ca\/en\/#website\"},\"datePublished\":\"2023-02-14T20:45:03+00:00\",\"dateModified\":\"2025-02-18T17:01:23+00:00\",\"description\":\"FRANCHIR est une agence de communication marketing reconnue pour son expertise en strat\u00e9gie, en relations publiques, en \u00e9v\u00e9nementiel et en m\u00e9dias sociaux.\",\"breadcrumb\":{\"@id\":\"https:\/\/franchir.ca\/en\/expertises\/#breadcrumb\"},\"inLanguage\":\"en-US\",\"potentialAction\":[{\"@type\":\"ReadAction\",\"target\":[\"https:\/\/franchir.ca\/en\/expertises\/\"]}]},{\"@type\":\"BreadcrumbList\",\"@id\":\"https:\/\/franchir.ca\/en\/expertises\/#breadcrumb\",\"itemListElement\":[{\"@type\":\"ListItem\",\"position\":1,\"name\":\"Home\",\"item\":\"https:\/\/franchir.ca\/en\/\"},{\"@type\":\"ListItem\",\"position\":2,\"name\":\"Expertise\"}]},{\"@type\":\"WebSite\",\"@id\":\"https:\/\/franchir.ca\/en\/#website\",\"url\":\"https:\/\/franchir.ca\/en\/\",\"name\":\"FRANCHIR, agence de communication marketing au Canada\",\"description\":\"agence de communication marketing au Canada\",\"publisher\":{\"@id\":\"https:\/\/franchir.ca\/en\/#organization\"},\"potentialAction\":[{\"@type\":\"SearchAction\",\"target\":{\"@type\":\"EntryPoint\",\"urlTemplate\":\"https:\/\/franchir.ca\/en\/?s={search_term_string}\"},\"query-input\":{\"@type\":\"PropertyValueSpecification\",\"valueRequired\":true,\"valueName\":\"search_term_string\"}}],\"inLanguage\":\"en-US\"},{\"@type\":\"Organization\",\"@id\":\"https:\/\/franchir.ca\/en\/#organization\",\"name\":\"FRANCHIR, agence de communication marketing au Canada\",\"url\":\"https:\/\/franchir.ca\/en\/\",\"logo\":{\"@type\":\"ImageObject\",\"inLanguage\":\"en-US\",\"@id\":\"https:\/\/franchir.ca\/en\/#\/schema\/logo\/image\/\",\"url\":\"https:\/\/franchir.ca\/wp-content\/uploads\/2023\/03\/cropped-sitelogo.png\",\"contentUrl\":\"https:\/\/franchir.ca\/wp-content\/uploads\/2023\/03\/cropped-sitelogo.png\",\"width\":1440,\"height\":360,\"caption\":\"FRANCHIR, agence de communication marketing au Canada\"},\"image\":{\"@id\":\"https:\/\/franchir.ca\/en\/#\/schema\/logo\/image\/\"},\"sameAs\":[\"https:\/\/www.facebook.com\/AgenceFranchir\",\"https:\/\/x.com\/AgenceFranchir\",\"https:\/\/www.linkedin.com\/company\/agencefranchir\/\",\"https:\/\/www.instagram.com\/agence_franchir\/\"]}]}<\/script>\n<!-- \/ Yoast SEO plugin. -->","yoast_head_json":{"title":"Expertise -","description":"FRANCHIR est une agence de communication marketing reconnue pour son expertise en strat\u00e9gie, en relations publiques, en \u00e9v\u00e9nementiel et en m\u00e9dias sociaux.","robots":{"index":"index","follow":"follow","max-snippet":"max-snippet:-1","max-image-preview":"max-image-preview:large","max-video-preview":"max-video-preview:-1"},"canonical":"https:\/\/franchir.ca\/en\/expertises\/","og_locale":"en_US","og_type":"article","og_title":"Expertise -","og_description":"FRANCHIR est une agence de communication marketing reconnue pour son expertise en strat\u00e9gie, en relations publiques, en \u00e9v\u00e9nementiel et en m\u00e9dias sociaux.","og_url":"https:\/\/franchir.ca\/en\/expertises\/","article_publisher":"https:\/\/www.facebook.com\/AgenceFranchir","article_modified_time":"2025-02-18T17:01:23+00:00","og_image":[{"width":1200,"height":675,"url":"https:\/\/franchir.ca\/wp-content\/uploads\/2023\/03\/siteimage-1.png","type":"image\/png"}],"twitter_card":"summary_large_image","twitter_site":"@AgenceFranchir","twitter_misc":{"Est. reading time":"1 minute"},"schema":{"@context":"https:\/\/schema.org","@graph":[{"@type":"WebPage","@id":"https:\/\/franchir.ca\/en\/expertises\/","url":"https:\/\/franchir.ca\/en\/expertises\/","name":"Expertise -","isPartOf":{"@id":"https:\/\/franchir.ca\/en\/#website"},"datePublished":"2023-02-14T20:45:03+00:00","dateModified":"2025-02-18T17:01:23+00:00","description":"FRANCHIR est une agence de communication marketing reconnue pour son expertise en strat\u00e9gie, en relations publiques, en \u00e9v\u00e9nementiel et en m\u00e9dias sociaux.","breadcrumb":{"@id":"https:\/\/franchir.ca\/en\/expertises\/#breadcrumb"},"inLanguage":"en-US","potentialAction":[{"@type":"ReadAction","target":["https:\/\/franchir.ca\/en\/expertises\/"]}]},{"@type":"BreadcrumbList","@id":"https:\/\/franchir.ca\/en\/expertises\/#breadcrumb","itemListElement":[{"@type":"ListItem","position":1,"name":"Home","item":"https:\/\/franchir.ca\/en\/"},{"@type":"ListItem","position":2,"name":"Expertise"}]},{"@type":"WebSite","@id":"https:\/\/franchir.ca\/en\/#website","url":"https:\/\/franchir.ca\/en\/","name":"FRANCHIR, agence de communication marketing au Canada","description":"agence de communication marketing au Canada","publisher":{"@id":"https:\/\/franchir.ca\/en\/#organization"},"potentialAction":[{"@type":"SearchAction","target":{"@type":"EntryPoint","urlTemplate":"https:\/\/franchir.ca\/en\/?s={search_term_string}"},"query-input":{"@type":"PropertyValueSpecification","valueRequired":true,"valueName":"search_term_string"}}],"inLanguage":"en-US"},{"@type":"Organization","@id":"https:\/\/franchir.ca\/en\/#organization","name":"FRANCHIR, agence de communication marketing au Canada","url":"https:\/\/franchir.ca\/en\/","logo":{"@type":"ImageObject","inLanguage":"en-US","@id":"https:\/\/franchir.ca\/en\/#\/schema\/logo\/image\/","url":"https:\/\/franchir.ca\/wp-content\/uploads\/2023\/03\/cropped-sitelogo.png","contentUrl":"https:\/\/franchir.ca\/wp-content\/uploads\/2023\/03\/cropped-sitelogo.png","width":1440,"height":360,"caption":"FRANCHIR, agence de communication marketing au Canada"},"image":{"@id":"https:\/\/franchir.ca\/en\/#\/schema\/logo\/image\/"},"sameAs":["https:\/\/www.facebook.com\/AgenceFranchir","https:\/\/x.com\/AgenceFranchir","https:\/\/www.linkedin.com\/company\/agencefranchir\/","https:\/\/www.instagram.com\/agence_franchir\/"]}]}},"jetpack_shortlink":"https:\/\/wp.me\/PeG484-dm","jetpack_sharing_enabled":true,"_links":{"self":[{"href":"https:\/\/franchir.ca\/en\/wp-json\/wp\/v2\/pages\/828","targetHints":{"allow":["GET"]}}],"collection":[{"href":"https:\/\/franchir.ca\/en\/wp-json\/wp\/v2\/pages"}],"about":[{"href":"https:\/\/franchir.ca\/en\/wp-json\/wp\/v2\/types\/page"}],"author":[{"embeddable":true,"href":"https:\/\/franchir.ca\/en\/wp-json\/wp\/v2\/users\/1"}],"replies":[{"embeddable":true,"href":"https:\/\/franchir.ca\/en\/wp-json\/wp\/v2\/comments?post=828"}],"version-history":[{"count":3,"href":"https:\/\/franchir.ca\/en\/wp-json\/wp\/v2\/pages\/828\/revisions"}],"predecessor-version":[{"id":3647,"href":"https:\/\/franchir.ca\/en\/wp-json\/wp\/v2\/pages\/828\/revisions\/3647"}],"wp:attachment":[{"href":"https:\/\/franchir.ca\/en\/wp-json\/wp\/v2\/media?parent=828"}],"curies":[{"name":"wp","href":"https:\/\/api.w.org\/{rel}","templated":true}]}}