{"id":835,"date":"2023-02-14T15:45:37","date_gmt":"2023-02-14T20:45:37","guid":{"rendered":"https:\/\/franchir.ca\/?page_id=835"},"modified":"2023-04-01T17:44:12","modified_gmt":"2023-04-01T21:44:12","slug":"blog","status":"publish","type":"page","link":"https:\/\/franchir.ca\/en\/blog\/","title":{"rendered":"Blog"},"content":{"rendered":"\n<p>Expert insights, guidance and musings about our profession. Follow the FRANCHIR blog to stay on top of the latest trends, opportunities and current issues.\u00a0<\/p>\n","protected":false},"excerpt":{"rendered":"<p>Expert insights, guidance and musings about our profession. Follow the FRANCHIR blog to stay on top of the latest trends, opportunities and current issues.\u00a0<\/p>\n","protected":false},"author":1,"featured_media":0,"parent":0,"menu_order":10,"comment_status":"closed","ping_status":"closed","template":"","meta":{"_acf_changed":false,"inline_featured_image":false,"footnotes":""},"class_list":["post-835","page","type-page","status-publish","hentry"],"acf":[],"yoast_head":"<!-- This site is optimized with the Yoast SEO plugin v25.8 - https:\/\/yoast.com\/wordpress\/plugins\/seo\/ -->\n<title>Blog -<\/title>\n<meta name=\"description\" content=\"FRANCHIR est une agence de communication marketing reconnue pour son expertise en strat\u00e9gie, en relations publiques, en \u00e9v\u00e9nementiel et en m\u00e9dias sociaux.\" \/>\n<meta name=\"robots\" content=\"index, follow, max-snippet:-1, max-image-preview:large, max-video-preview:-1\" \/>\n<link rel=\"canonical\" href=\"https:\/\/franchir.ca\/en\/blog\/\" \/>\n<meta property=\"og:locale\" content=\"en_US\" \/>\n<meta property=\"og:type\" content=\"article\" \/>\n<meta property=\"og:title\" content=\"Blog -\" \/>\n<meta property=\"og:description\" content=\"FRANCHIR est une agence de communication marketing reconnue pour son expertise en strat\u00e9gie, en relations publiques, en \u00e9v\u00e9nementiel et en m\u00e9dias sociaux.\" \/>\n<meta property=\"og:url\" content=\"https:\/\/franchir.ca\/en\/blog\/\" \/>\n<meta property=\"article:publisher\" content=\"https:\/\/www.facebook.com\/AgenceFranchir\" \/>\n<meta property=\"article:modified_time\" content=\"2023-04-01T21:44:12+00:00\" \/>\n<meta property=\"og:image\" content=\"https:\/\/franchir.ca\/wp-content\/uploads\/2023\/03\/siteimage-1.png\" \/>\n\t<meta property=\"og:image:width\" content=\"1200\" \/>\n\t<meta property=\"og:image:height\" content=\"675\" \/>\n\t<meta property=\"og:image:type\" content=\"image\/png\" \/>\n<meta name=\"twitter:card\" content=\"summary_large_image\" \/>\n<meta name=\"twitter:site\" content=\"@AgenceFranchir\" \/>\n<script type=\"application\/ld+json\" class=\"yoast-schema-graph\">{\"@context\":\"https:\/\/schema.org\",\"@graph\":[{\"@type\":\"WebPage\",\"@id\":\"https:\/\/franchir.ca\/en\/blog\/\",\"url\":\"https:\/\/franchir.ca\/en\/blog\/\",\"name\":\"Blog -\",\"isPartOf\":{\"@id\":\"https:\/\/franchir.ca\/en\/#website\"},\"datePublished\":\"2023-02-14T20:45:37+00:00\",\"dateModified\":\"2023-04-01T21:44:12+00:00\",\"description\":\"FRANCHIR est une agence de communication marketing reconnue pour son expertise en strat\u00e9gie, en relations publiques, en \u00e9v\u00e9nementiel et en m\u00e9dias sociaux.\",\"breadcrumb\":{\"@id\":\"https:\/\/franchir.ca\/en\/blog\/#breadcrumb\"},\"inLanguage\":\"en-US\",\"potentialAction\":[{\"@type\":\"ReadAction\",\"target\":[\"https:\/\/franchir.ca\/en\/blog\/\"]}]},{\"@type\":\"BreadcrumbList\",\"@id\":\"https:\/\/franchir.ca\/en\/blog\/#breadcrumb\",\"itemListElement\":[{\"@type\":\"ListItem\",\"position\":1,\"name\":\"Home\",\"item\":\"https:\/\/franchir.ca\/en\/\"},{\"@type\":\"ListItem\",\"position\":2,\"name\":\"Blog\"}]},{\"@type\":\"WebSite\",\"@id\":\"https:\/\/franchir.ca\/en\/#website\",\"url\":\"https:\/\/franchir.ca\/en\/\",\"name\":\"FRANCHIR, agence de communication marketing au Canada\",\"description\":\"agence de communication marketing au Canada\",\"publisher\":{\"@id\":\"https:\/\/franchir.ca\/en\/#organization\"},\"potentialAction\":[{\"@type\":\"SearchAction\",\"target\":{\"@type\":\"EntryPoint\",\"urlTemplate\":\"https:\/\/franchir.ca\/en\/?s={search_term_string}\"},\"query-input\":{\"@type\":\"PropertyValueSpecification\",\"valueRequired\":true,\"valueName\":\"search_term_string\"}}],\"inLanguage\":\"en-US\"},{\"@type\":\"Organization\",\"@id\":\"https:\/\/franchir.ca\/en\/#organization\",\"name\":\"FRANCHIR, agence de communication marketing au Canada\",\"url\":\"https:\/\/franchir.ca\/en\/\",\"logo\":{\"@type\":\"ImageObject\",\"inLanguage\":\"en-US\",\"@id\":\"https:\/\/franchir.ca\/en\/#\/schema\/logo\/image\/\",\"url\":\"https:\/\/franchir.ca\/wp-content\/uploads\/2023\/03\/cropped-sitelogo.png\",\"contentUrl\":\"https:\/\/franchir.ca\/wp-content\/uploads\/2023\/03\/cropped-sitelogo.png\",\"width\":1440,\"height\":360,\"caption\":\"FRANCHIR, agence de communication marketing au Canada\"},\"image\":{\"@id\":\"https:\/\/franchir.ca\/en\/#\/schema\/logo\/image\/\"},\"sameAs\":[\"https:\/\/www.facebook.com\/AgenceFranchir\",\"https:\/\/x.com\/AgenceFranchir\",\"https:\/\/www.linkedin.com\/company\/agencefranchir\/\",\"https:\/\/www.instagram.com\/agence_franchir\/\"]}]}<\/script>\n<!-- \/ Yoast SEO plugin. -->","yoast_head_json":{"title":"Blog -","description":"FRANCHIR est une agence de communication marketing reconnue pour son expertise en strat\u00e9gie, en relations publiques, en \u00e9v\u00e9nementiel et en m\u00e9dias sociaux.","robots":{"index":"index","follow":"follow","max-snippet":"max-snippet:-1","max-image-preview":"max-image-preview:large","max-video-preview":"max-video-preview:-1"},"canonical":"https:\/\/franchir.ca\/en\/blog\/","og_locale":"en_US","og_type":"article","og_title":"Blog -","og_description":"FRANCHIR est une agence de communication marketing reconnue pour son expertise en strat\u00e9gie, en relations publiques, en \u00e9v\u00e9nementiel et en m\u00e9dias sociaux.","og_url":"https:\/\/franchir.ca\/en\/blog\/","article_publisher":"https:\/\/www.facebook.com\/AgenceFranchir","article_modified_time":"2023-04-01T21:44:12+00:00","og_image":[{"width":1200,"height":675,"url":"https:\/\/franchir.ca\/wp-content\/uploads\/2023\/03\/siteimage-1.png","type":"image\/png"}],"twitter_card":"summary_large_image","twitter_site":"@AgenceFranchir","schema":{"@context":"https:\/\/schema.org","@graph":[{"@type":"WebPage","@id":"https:\/\/franchir.ca\/en\/blog\/","url":"https:\/\/franchir.ca\/en\/blog\/","name":"Blog -","isPartOf":{"@id":"https:\/\/franchir.ca\/en\/#website"},"datePublished":"2023-02-14T20:45:37+00:00","dateModified":"2023-04-01T21:44:12+00:00","description":"FRANCHIR est une agence de communication marketing reconnue pour son expertise en strat\u00e9gie, en relations publiques, en \u00e9v\u00e9nementiel et en m\u00e9dias sociaux.","breadcrumb":{"@id":"https:\/\/franchir.ca\/en\/blog\/#breadcrumb"},"inLanguage":"en-US","potentialAction":[{"@type":"ReadAction","target":["https:\/\/franchir.ca\/en\/blog\/"]}]},{"@type":"BreadcrumbList","@id":"https:\/\/franchir.ca\/en\/blog\/#breadcrumb","itemListElement":[{"@type":"ListItem","position":1,"name":"Home","item":"https:\/\/franchir.ca\/en\/"},{"@type":"ListItem","position":2,"name":"Blog"}]},{"@type":"WebSite","@id":"https:\/\/franchir.ca\/en\/#website","url":"https:\/\/franchir.ca\/en\/","name":"FRANCHIR, agence de communication marketing au Canada","description":"agence de communication marketing au Canada","publisher":{"@id":"https:\/\/franchir.ca\/en\/#organization"},"potentialAction":[{"@type":"SearchAction","target":{"@type":"EntryPoint","urlTemplate":"https:\/\/franchir.ca\/en\/?s={search_term_string}"},"query-input":{"@type":"PropertyValueSpecification","valueRequired":true,"valueName":"search_term_string"}}],"inLanguage":"en-US"},{"@type":"Organization","@id":"https:\/\/franchir.ca\/en\/#organization","name":"FRANCHIR, agence de communication marketing au Canada","url":"https:\/\/franchir.ca\/en\/","logo":{"@type":"ImageObject","inLanguage":"en-US","@id":"https:\/\/franchir.ca\/en\/#\/schema\/logo\/image\/","url":"https:\/\/franchir.ca\/wp-content\/uploads\/2023\/03\/cropped-sitelogo.png","contentUrl":"https:\/\/franchir.ca\/wp-content\/uploads\/2023\/03\/cropped-sitelogo.png","width":1440,"height":360,"caption":"FRANCHIR, agence de communication marketing au Canada"},"image":{"@id":"https:\/\/franchir.ca\/en\/#\/schema\/logo\/image\/"},"sameAs":["https:\/\/www.facebook.com\/AgenceFranchir","https:\/\/x.com\/AgenceFranchir","https:\/\/www.linkedin.com\/company\/agencefranchir\/","https:\/\/www.instagram.com\/agence_franchir\/"]}]}},"jetpack_shortlink":"https:\/\/wp.me\/PeG484-dt","jetpack_sharing_enabled":true,"_links":{"self":[{"href":"https:\/\/franchir.ca\/en\/wp-json\/wp\/v2\/pages\/835","targetHints":{"allow":["GET"]}}],"collection":[{"href":"https:\/\/franchir.ca\/en\/wp-json\/wp\/v2\/pages"}],"about":[{"href":"https:\/\/franchir.ca\/en\/wp-json\/wp\/v2\/types\/page"}],"author":[{"embeddable":true,"href":"https:\/\/franchir.ca\/en\/wp-json\/wp\/v2\/users\/1"}],"replies":[{"embeddable":true,"href":"https:\/\/franchir.ca\/en\/wp-json\/wp\/v2\/comments?post=835"}],"version-history":[{"count":2,"href":"https:\/\/franchir.ca\/en\/wp-json\/wp\/v2\/pages\/835\/revisions"}],"predecessor-version":[{"id":1169,"href":"https:\/\/franchir.ca\/en\/wp-json\/wp\/v2\/pages\/835\/revisions\/1169"}],"wp:attachment":[{"href":"https:\/\/franchir.ca\/en\/wp-json\/wp\/v2\/media?parent=835"}],"curies":[{"name":"wp","href":"https:\/\/api.w.org\/{rel}","templated":true}]}}